{"id":2983,"date":"2026-01-05T11:26:28","date_gmt":"2026-01-05T11:26:28","guid":{"rendered":"https:\/\/akademiksporarastirmalarikongresi.com\/2022\/?page_id=2983"},"modified":"2026-01-22T09:00:20","modified_gmt":"2026-01-22T09:00:20","slug":"asad-2025","status":"publish","type":"page","link":"https:\/\/akademiksporarastirmalarikongresi.com\/2022\/asad-2025\/","title":{"rendered":"ASAD 2025"},"content":{"rendered":"\n<iframe loading=\"lazy\" src=\"https:\/\/drive.google.com\/file\/d\/147TbI4KZYKXooz0oWw2ClDlvN44gXBFB\/preview\" width=\"640\" height=\"1200\"><\/iframe>\n\n\n\n<a class=\"wp-block-safirtema-safirbutton safirbutton\" href=\"#\" rel=\"\"><div class=\"icon safiricon\"><svg class=\"safiricon-mouse\"><use href=\"#safiricon-mouse\"><\/use><\/svg><\/div>9. Uluslararas\u0131 Akademik Spor Ara\u015ft\u0131rmalar\u0131 Kongesi Bildiri Kitab\u0131 \u2013 PDF (\u0130ndir)<\/a>\n\n\n\n<p>6-9 EK\u0130M 2025 (BAK\u00dc\/AZERBAYCAN)<\/p>\n","protected":false},"excerpt":{"rendered":"<p>6-9 EK\u0130M 2025 (BAK\u00dc\/AZERBAYCAN)<\/p>\n","protected":false},"author":1,"featured_media":2984,"parent":0,"menu_order":0,"comment_status":"closed","ping_status":"closed","template":"","meta":[],"_links":{"self":[{"href":"https:\/\/akademiksporarastirmalarikongresi.com\/2022\/wp-json\/wp\/v2\/pages\/2983"}],"collection":[{"href":"https:\/\/akademiksporarastirmalarikongresi.com\/2022\/wp-json\/wp\/v2\/pages"}],"about":[{"href":"https:\/\/akademiksporarastirmalarikongresi.com\/2022\/wp-json\/wp\/v2\/types\/page"}],"author":[{"embeddable":true,"href":"https:\/\/akademiksporarastirmalarikongresi.com\/2022\/wp-json\/wp\/v2\/users\/1"}],"replies":[{"embeddable":true,"href":"https:\/\/akademiksporarastirmalarikongresi.com\/2022\/wp-json\/wp\/v2\/comments?post=2983"}],"version-history":[{"count":5,"href":"https:\/\/akademiksporarastirmalarikongresi.com\/2022\/wp-json\/wp\/v2\/pages\/2983\/revisions"}],"predecessor-version":[{"id":2996,"href":"https:\/\/akademiksporarastirmalarikongresi.com\/2022\/wp-json\/wp\/v2\/pages\/2983\/revisions\/2996"}],"wp:featuredmedia":[{"embeddable":true,"href":"https:\/\/akademiksporarastirmalarikongresi.com\/2022\/wp-json\/wp\/v2\/media\/2984"}],"wp:attachment":[{"href":"https:\/\/akademiksporarastirmalarikongresi.com\/2022\/wp-json\/wp\/v2\/media?parent=2983"}],"curies":[{"name":"wp","href":"https:\/\/api.w.org\/{rel}","templated":true}]}}