{"id":2446,"date":"2024-02-27T08:52:08","date_gmt":"2024-02-27T08:52:08","guid":{"rendered":"https:\/\/akademiksporarastirmalarikongresi.com\/2022\/?page_id=2446"},"modified":"2024-04-30T20:14:49","modified_gmt":"2024-04-30T20:14:49","slug":"asad-2022-3","status":"publish","type":"page","link":"https:\/\/akademiksporarastirmalarikongresi.com\/2022\/asad-2022-3\/","title":{"rendered":"ASAD 2023"},"content":{"rendered":"\n<iframe loading=\"lazy\" src=\"https:\/\/drive.google.com\/file\/d\/10nXxuObdUQ5Xj8VS-1Klqltt7jSYrJt9\/preview\" width=\"1200\" height=\"1000\" allow=\"autoplay\"><\/iframe>\n\n\n\n<p>7-9 EK\u0130M 2023 (TRABZON)<\/p>\n\n\n\n<a class=\"wp-block-safirtema-safirbutton safirbutton\" href=\"https:\/\/akademiksporarastirmalarikongresi.com\/2022\/wp-content\/uploads\/2023\/10\/7.-uluslararasi-ASAD-kitabi-30.10.2023.pdf\" rel=\"external\"><div class=\"icon safiricon\"><svg class=\"safiricon-mouse\"><use href=\"#safiricon-mouse\"><\/use><\/svg><\/div>7. Uluslararas\u0131 Akademik Spor Ara\u015ft\u0131rmalar\u0131 Kongesi Bildiri Kitab\u0131 &#8211; PDF (\u0130ndir)<\/a>\n","protected":false},"excerpt":{"rendered":"<p>7-9 EK\u0130M 2023 (TRABZON)<\/p>\n","protected":false},"author":1,"featured_media":2451,"parent":0,"menu_order":0,"comment_status":"closed","ping_status":"closed","template":"","meta":[],"_links":{"self":[{"href":"https:\/\/akademiksporarastirmalarikongresi.com\/2022\/wp-json\/wp\/v2\/pages\/2446"}],"collection":[{"href":"https:\/\/akademiksporarastirmalarikongresi.com\/2022\/wp-json\/wp\/v2\/pages"}],"about":[{"href":"https:\/\/akademiksporarastirmalarikongresi.com\/2022\/wp-json\/wp\/v2\/types\/page"}],"author":[{"embeddable":true,"href":"https:\/\/akademiksporarastirmalarikongresi.com\/2022\/wp-json\/wp\/v2\/users\/1"}],"replies":[{"embeddable":true,"href":"https:\/\/akademiksporarastirmalarikongresi.com\/2022\/wp-json\/wp\/v2\/comments?post=2446"}],"version-history":[{"count":4,"href":"https:\/\/akademiksporarastirmalarikongresi.com\/2022\/wp-json\/wp\/v2\/pages\/2446\/revisions"}],"predecessor-version":[{"id":2482,"href":"https:\/\/akademiksporarastirmalarikongresi.com\/2022\/wp-json\/wp\/v2\/pages\/2446\/revisions\/2482"}],"wp:featuredmedia":[{"embeddable":true,"href":"https:\/\/akademiksporarastirmalarikongresi.com\/2022\/wp-json\/wp\/v2\/media\/2451"}],"wp:attachment":[{"href":"https:\/\/akademiksporarastirmalarikongresi.com\/2022\/wp-json\/wp\/v2\/media?parent=2446"}],"curies":[{"name":"wp","href":"https:\/\/api.w.org\/{rel}","templated":true}]}}